{"id":598,"date":"2025-06-25T18:59:09","date_gmt":"2025-06-25T16:59:09","guid":{"rendered":"https:\/\/diantre-restaurant.com\/?page_id=598"},"modified":"2026-04-16T11:19:58","modified_gmt":"2026-04-16T09:19:58","slug":"cartes","status":"publish","type":"page","link":"https:\/\/diantre-restaurant.com\/index.php\/cartes\/","title":{"rendered":"Le Menu"},"content":{"rendered":"\n<p>La carte de Diantre! change toutes les 4 semaines.<\/p>\n\n\n\n<p>Vous pouvez d\u00e9sormais savourer nos plats chez vous, au bureau ou lors de vos \u00e9v\u00e9nements, gr\u00e2ce \u00e0 notre service de vente \u00e0 emporter. <\/p>\n\n\n\n<p>Commandez facilement en ligne , et r\u00e9cup\u00e9rez votre repas \u00e0 emporter directement au restaurant, pour que nos sp\u00e9cialit\u00e9s viennent \u00e0 vous, o\u00f9 que vous soyez.<\/p>\n\n\n\n<p>\u00c0 tr\u00e8s bient\u00f4t chez Diantre \u2013 sur place ou \u00e0 emporter !<\/p>\n\n\n\n<div class=\"wp-block-buttons is-content-justification-center is-layout-flex wp-container-core-buttons-is-layout-16018d1d wp-block-buttons-is-layout-flex\">\n<div class=\"wp-block-button has-custom-width wp-block-button__width-75 is-style-outline is-style-outline--1\"><a class=\"wp-block-button__link has-black-color has-text-color has-background has-link-color has-text-align-center has-custom-font-size wp-element-button\" href=\"https:\/\/lor.paris\/e\/diantre-val-les-bains\" style=\"border-radius:65px;background-color:#638a58;font-size:20px\" target=\"_blank\" rel=\"noreferrer noopener\">A EMPORTER<\/a><\/div>\n<\/div>\n\n\n\n<div class=\"wp-block-buttons is-content-justification-center is-layout-flex wp-container-core-buttons-is-layout-16018d1d wp-block-buttons-is-layout-flex\">\n<div class=\"wp-block-button has-custom-width wp-block-button__width-75 is-style-outline is-style-outline--2\"><a class=\"wp-block-button__link has-black-color has-text-color has-background has-link-color has-medium-font-size has-custom-font-size wp-element-button\" href=\"https:\/\/lor.paris\/r\/diantre-val-les-bains\" style=\"background-color:#638a58\">JE RESEERVE une table<\/a><\/div>\n<\/div>\n\n\n<div class=\"wp-block-image\">\n<figure class=\"aligncenter size-full is-resized\"><img fetchpriority=\"high\" decoding=\"async\" width=\"1414\" height=\"2000\" src=\"https:\/\/diantre-restaurant.com\/wp-content\/uploads\/2026\/04\/CARTE-AVRIL-2026-2.png\" alt=\"\" class=\"wp-image-848\" style=\"width:840px;height:auto\" srcset=\"https:\/\/diantre-restaurant.com\/wp-content\/uploads\/2026\/04\/CARTE-AVRIL-2026-2.png 1414w, https:\/\/diantre-restaurant.com\/wp-content\/uploads\/2026\/04\/CARTE-AVRIL-2026-2-212x300.png 212w, https:\/\/diantre-restaurant.com\/wp-content\/uploads\/2026\/04\/CARTE-AVRIL-2026-2-724x1024.png 724w, https:\/\/diantre-restaurant.com\/wp-content\/uploads\/2026\/04\/CARTE-AVRIL-2026-2-768x1086.png 768w, https:\/\/diantre-restaurant.com\/wp-content\/uploads\/2026\/04\/CARTE-AVRIL-2026-2-1086x1536.png 1086w\" sizes=\"(max-width: 1414px) 100vw, 1414px\" \/><\/figure>\n<\/div>","protected":false},"excerpt":{"rendered":"<p>La carte de Diantre! change toutes les 4 semaines. Vous pouvez d\u00e9sormais savourer nos plats chez vous, au bureau ou lors de vos \u00e9v\u00e9nements, gr\u00e2ce \u00e0 notre service de vente \u00e0 emporter. Commandez facilement en ligne , et r\u00e9cup\u00e9rez votre repas \u00e0 emporter directement au restaurant, pour que nos sp\u00e9cialit\u00e9s viennent \u00e0 vous, o\u00f9 que [&hellip;]<\/p>\n","protected":false},"author":1,"featured_media":0,"parent":0,"menu_order":0,"comment_status":"closed","ping_status":"closed","template":"","meta":{"om_disable_all_campaigns":false,"footnotes":""},"class_list":["post-598","page","type-page","status-publish","hentry"],"_links":{"self":[{"href":"https:\/\/diantre-restaurant.com\/index.php\/wp-json\/wp\/v2\/pages\/598","targetHints":{"allow":["GET"]}}],"collection":[{"href":"https:\/\/diantre-restaurant.com\/index.php\/wp-json\/wp\/v2\/pages"}],"about":[{"href":"https:\/\/diantre-restaurant.com\/index.php\/wp-json\/wp\/v2\/types\/page"}],"author":[{"embeddable":true,"href":"https:\/\/diantre-restaurant.com\/index.php\/wp-json\/wp\/v2\/users\/1"}],"replies":[{"embeddable":true,"href":"https:\/\/diantre-restaurant.com\/index.php\/wp-json\/wp\/v2\/comments?post=598"}],"version-history":[{"count":38,"href":"https:\/\/diantre-restaurant.com\/index.php\/wp-json\/wp\/v2\/pages\/598\/revisions"}],"predecessor-version":[{"id":849,"href":"https:\/\/diantre-restaurant.com\/index.php\/wp-json\/wp\/v2\/pages\/598\/revisions\/849"}],"wp:attachment":[{"href":"https:\/\/diantre-restaurant.com\/index.php\/wp-json\/wp\/v2\/media?parent=598"}],"curies":[{"name":"wp","href":"https:\/\/api.w.org\/{rel}","templated":true}]}}