{"id":658,"date":"2025-10-03T11:21:17","date_gmt":"2025-10-03T09:21:17","guid":{"rendered":"https:\/\/diantre-restaurant.com\/?page_id=658"},"modified":"2026-02-12T18:41:24","modified_gmt":"2026-02-12T17:41:24","slug":"nos-horaires","status":"publish","type":"page","link":"https:\/\/diantre-restaurant.com\/index.php\/nos-horaires\/","title":{"rendered":"Nos horaires \ud83d\udd70\ufe0f"},"content":{"rendered":"\n<p>Nous avons le plaisir de vous accueillir <strong>toute l\u2019ann\u00e9e<\/strong>, pour partager avec vous des moments de convivialit\u00e9 autour de notre table.<br><\/p>\n\n\n\n<p>Notre \u00e9tablissement est ouvert <strong>tous les jours<\/strong>, \u00e0 l\u2019exception du mercredi et du dimanche apr\u00e8s-midi, afin de vous garantir un service de qualit\u00e9 et un accueil toujours attentif<\/p>\n\n\n\n<p><strong>Horaires de service<\/strong><\/p>\n\n\n\n<ul class=\"wp-block-list\">\n<li>Du Lundi au Mardi de 12h \u00e0 14h et de 19h \u00e0 21h30<\/li>\n\n\n\n<li>Du Jeudi au Samedi de 12h \u00e0 14h de 19h \u00e0 21h30<\/li>\n\n\n\n<li>Dimanche de 12h \u00e0 14h<\/li>\n<\/ul>\n\n\n\n<p class=\"has-text-align-center\">Que ce soit pour une pause d\u00e9jeuner rapide ou un d\u00eener en toute tranquillit\u00e9, notre \u00e9quipe est \u00e0 votre disposition pour vous faire passer un agr\u00e9able moment.<\/p>\n\n\n<div class=\"wp-block-image\">\n<figure class=\"aligncenter size-large is-resized\"><img fetchpriority=\"high\" decoding=\"async\" width=\"768\" height=\"1024\" src=\"https:\/\/diantre-restaurant.com\/wp-content\/uploads\/2025\/10\/1000014415-2-768x1024.jpg\" alt=\"\" class=\"wp-image-681\" style=\"width:273px;height:auto\" srcset=\"https:\/\/diantre-restaurant.com\/wp-content\/uploads\/2025\/10\/1000014415-2-768x1024.jpg 768w, https:\/\/diantre-restaurant.com\/wp-content\/uploads\/2025\/10\/1000014415-2-225x300.jpg 225w, https:\/\/diantre-restaurant.com\/wp-content\/uploads\/2025\/10\/1000014415-2-1152x1536.jpg 1152w, https:\/\/diantre-restaurant.com\/wp-content\/uploads\/2025\/10\/1000014415-2.jpg 1536w\" sizes=\"(max-width: 768px) 100vw, 768px\" \/><\/figure>\n<\/div>\n\n\n<div class=\"wp-block-buttons is-content-justification-center is-layout-flex wp-container-core-buttons-is-layout-16018d1d wp-block-buttons-is-layout-flex\">\n<div class=\"wp-block-button\"><a class=\"wp-block-button__link wp-element-button\" href=\"https:\/\/lor.paris\/r\/diantre-val-les-bains\">JE RESERVE<\/a><\/div>\n<\/div>\n","protected":false},"excerpt":{"rendered":"<p>Nous avons le plaisir de vous accueillir toute l\u2019ann\u00e9e, pour partager avec vous des moments de convivialit\u00e9 autour de notre table. Notre \u00e9tablissement est ouvert tous les jours, \u00e0 l\u2019exception du mercredi et du dimanche apr\u00e8s-midi, afin de vous garantir un service de qualit\u00e9 et un accueil toujours attentif Horaires de service Que ce soit [&hellip;]<\/p>\n","protected":false},"author":1,"featured_media":0,"parent":0,"menu_order":0,"comment_status":"closed","ping_status":"closed","template":"","meta":{"om_disable_all_campaigns":false,"footnotes":""},"class_list":["post-658","page","type-page","status-publish","hentry"],"_links":{"self":[{"href":"https:\/\/diantre-restaurant.com\/index.php\/wp-json\/wp\/v2\/pages\/658","targetHints":{"allow":["GET"]}}],"collection":[{"href":"https:\/\/diantre-restaurant.com\/index.php\/wp-json\/wp\/v2\/pages"}],"about":[{"href":"https:\/\/diantre-restaurant.com\/index.php\/wp-json\/wp\/v2\/types\/page"}],"author":[{"embeddable":true,"href":"https:\/\/diantre-restaurant.com\/index.php\/wp-json\/wp\/v2\/users\/1"}],"replies":[{"embeddable":true,"href":"https:\/\/diantre-restaurant.com\/index.php\/wp-json\/wp\/v2\/comments?post=658"}],"version-history":[{"count":5,"href":"https:\/\/diantre-restaurant.com\/index.php\/wp-json\/wp\/v2\/pages\/658\/revisions"}],"predecessor-version":[{"id":831,"href":"https:\/\/diantre-restaurant.com\/index.php\/wp-json\/wp\/v2\/pages\/658\/revisions\/831"}],"wp:attachment":[{"href":"https:\/\/diantre-restaurant.com\/index.php\/wp-json\/wp\/v2\/media?parent=658"}],"curies":[{"name":"wp","href":"https:\/\/api.w.org\/{rel}","templated":true}]}}