{"id":661,"date":"2025-10-02T21:53:27","date_gmt":"2025-10-02T19:53:27","guid":{"rendered":"https:\/\/diantre-restaurant.com\/?page_id=661"},"modified":"2026-01-01T19:53:45","modified_gmt":"2026-01-01T18:53:45","slug":"nos-offres","status":"publish","type":"page","link":"https:\/\/diantre-restaurant.com\/index.php\/nos-offres\/","title":{"rendered":"Nos Offres"},"content":{"rendered":"\n<p class=\"has-text-align-center\"><strong>Nos services \u00e0 domicile &amp; \u00e0 emporter<\/strong><\/p>\n\n\n\n<p><strong>Des moments uniques, sans contrainte<\/strong><\/p>\n\n\n\n<p>Pour un anniversaire, une f\u00eate de famille, une soir\u00e9e priv\u00e9e ou un \u00e9v\u00e9nement professionnel, nous proposons des prestations sp\u00e9cialement con\u00e7ues pour vous accompagner dans vos occasions importantes.<\/p>\n\n\n\n<p>Notre priorit\u00e9 : vous permettre de profiter pleinement de vos invit\u00e9s tout en nous confiant l\u2019organisation.<\/p>\n\n\n<div class=\"wp-block-image\">\n<figure class=\"aligncenter size-large is-resized\"><img fetchpriority=\"high\" decoding=\"async\" width=\"1024\" height=\"768\" src=\"https:\/\/diantre-restaurant.com\/wp-content\/uploads\/2025\/10\/WhatsApp-Image-2025-10-02-at-19.30.27-1024x768.jpeg\" alt=\"\" class=\"wp-image-664\" style=\"width:461px;height:auto\" srcset=\"https:\/\/diantre-restaurant.com\/wp-content\/uploads\/2025\/10\/WhatsApp-Image-2025-10-02-at-19.30.27-1024x768.jpeg 1024w, https:\/\/diantre-restaurant.com\/wp-content\/uploads\/2025\/10\/WhatsApp-Image-2025-10-02-at-19.30.27-300x225.jpeg 300w, https:\/\/diantre-restaurant.com\/wp-content\/uploads\/2025\/10\/WhatsApp-Image-2025-10-02-at-19.30.27-768x576.jpeg 768w, https:\/\/diantre-restaurant.com\/wp-content\/uploads\/2025\/10\/WhatsApp-Image-2025-10-02-at-19.30.27-1536x1152.jpeg 1536w, https:\/\/diantre-restaurant.com\/wp-content\/uploads\/2025\/10\/WhatsApp-Image-2025-10-02-at-19.30.27.jpeg 2048w\" sizes=\"(max-width: 1024px) 100vw, 1024px\" \/><\/figure>\n<\/div>\n\n\n<p><\/p>\n\n\n\n<p><strong>Service \u00e0 domicile<\/strong><\/p>\n\n\n\n<p>Opter pour notre service \u00e0 domicile, c\u2019est :<\/p>\n\n\n\n<ul class=\"wp-block-list\">\n<li>B\u00e9n\u00e9ficier d\u2019un accompagnement personnalis\u00e9, adapt\u00e9 \u00e0 vos envies,<\/li>\n\n\n\n<li>Profiter d\u2019un confort et d\u2019une tranquillit\u00e9 totale,<\/li>\n<\/ul>\n\n\n\n<p>Offrir \u00e0 vos convives un moment chaleureux et de qualit\u00e9.<\/p>\n\n\n\n<p><strong>Nos propositions :<\/strong><\/p>\n\n\n<div class=\"wp-block-image\">\n<figure class=\"alignleft size-large is-resized\"><img decoding=\"async\" width=\"768\" height=\"1024\" src=\"https:\/\/diantre-restaurant.com\/wp-content\/uploads\/2025\/10\/WhatsApp-Image-2025-10-02-at-19.30.37-4-768x1024.jpeg\" alt=\"\" class=\"wp-image-677\" style=\"width:284px;height:auto\" srcset=\"https:\/\/diantre-restaurant.com\/wp-content\/uploads\/2025\/10\/WhatsApp-Image-2025-10-02-at-19.30.37-4-768x1024.jpeg 768w, https:\/\/diantre-restaurant.com\/wp-content\/uploads\/2025\/10\/WhatsApp-Image-2025-10-02-at-19.30.37-4-225x300.jpeg 225w, https:\/\/diantre-restaurant.com\/wp-content\/uploads\/2025\/10\/WhatsApp-Image-2025-10-02-at-19.30.37-4-1152x1536.jpeg 1152w, https:\/\/diantre-restaurant.com\/wp-content\/uploads\/2025\/10\/WhatsApp-Image-2025-10-02-at-19.30.37-4.jpeg 1536w\" sizes=\"(max-width: 768px) 100vw, 768px\" \/><\/figure>\n<\/div>\n\n\n<ul class=\"wp-block-list\">\n<li>Privatisation du restaurant pour vos soir\u00e9es d\u2019entreprise : ambiance \u00e9l\u00e9gante, menus adapt\u00e9s et service sur-mesure,<\/li>\n\n\n\n<li>Chef \u00e0 domicile pour un repas gastronomique directement pr\u00e9par\u00e9 chez vous ou dans vos locaux,<\/li>\n\n\n\n<li>Menus de saison \u00e9labor\u00e9s avec des produits frais et locaux, accompagn\u00e9s de vins r\u00e9gionaux,<\/li>\n\n\n\n<li>Une \u00e9quipe exp\u00e9riment\u00e9e et attentive aux d\u00e9tails,<\/li>\n\n\n\n<li>Un cadre chaleureux \u00e0 Vals-les-Bains, facile d\u2019acc\u00e8s,<\/li>\n\n\n\n<li>Des formules flexibles selon vos envies, votre budget et la dur\u00e9e de votre \u00e9v\u00e9nement,<\/li>\n\n\n\n<li>Une mise en valeur des producteurs et talents de notre r\u00e9gion.<\/li>\n<\/ul>\n\n\n\n<p><\/p>\n\n\n\n<p><strong>Formule \u00e0 emporter<\/strong><\/p>\n\n\n\n<p>Nos prestations sont \u00e9galement disponibles \u00e0 emporter pour plus de libert\u00e9 et de praticit\u00e9.<\/p>\n\n\n\n<p>Avec cette formule, vous profitez :<\/p>\n\n\n\n<ul class=\"wp-block-list\">\n<li>D\u2019un gain de temps gr\u00e2ce \u00e0 une pr\u00e9paration rapide,<\/li>\n\n\n\n<li>De la m\u00eame qualit\u00e9 que nos prestations habituelles,<\/li>\n\n\n\n<li>De la possibilit\u00e9 de d\u00e9guster nos cr\u00e9ations o\u00f9 et quand vous le souhaitez.<\/li>\n<\/ul>\n\n\n<div class=\"wp-block-image\">\n<figure class=\"alignright size-large is-resized\"><img decoding=\"async\" width=\"2048\" height=\"1536\" src=\"https:\/\/diantre-restaurant.com\/wp-content\/uploads\/2025\/10\/WhatsApp-Image-2025-10-02-at-19.30.37-1-2-edited-1.jpeg\" alt=\"\" class=\"wp-image-676\" style=\"width:447px;height:auto\" srcset=\"https:\/\/diantre-restaurant.com\/wp-content\/uploads\/2025\/10\/WhatsApp-Image-2025-10-02-at-19.30.37-1-2-edited-1.jpeg 2048w, https:\/\/diantre-restaurant.com\/wp-content\/uploads\/2025\/10\/WhatsApp-Image-2025-10-02-at-19.30.37-1-2-edited-1-300x225.jpeg 300w, https:\/\/diantre-restaurant.com\/wp-content\/uploads\/2025\/10\/WhatsApp-Image-2025-10-02-at-19.30.37-1-2-edited-1-1024x768.jpeg 1024w, https:\/\/diantre-restaurant.com\/wp-content\/uploads\/2025\/10\/WhatsApp-Image-2025-10-02-at-19.30.37-1-2-edited-1-768x576.jpeg 768w, https:\/\/diantre-restaurant.com\/wp-content\/uploads\/2025\/10\/WhatsApp-Image-2025-10-02-at-19.30.37-1-2-edited-1-1536x1152.jpeg 1536w\" sizes=\"(max-width: 2048px) 100vw, 2048px\" \/><\/figure>\n<\/div>\n\n\n<div class=\"wp-block-buttons is-content-justification-center is-layout-flex wp-container-core-buttons-is-layout-16018d1d wp-block-buttons-is-layout-flex\">\n<div class=\"wp-block-button\"><a class=\"wp-block-button__link wp-element-button\" href=\"https:\/\/lor.paris\/r\/diantre-val-les-bains\">JE RESERVE<\/a><\/div>\n<\/div>\n","protected":false},"excerpt":{"rendered":"<p>Nos services \u00e0 domicile &amp; \u00e0 emporter Des moments uniques, sans contrainte Pour un anniversaire, une f\u00eate de famille, une soir\u00e9e priv\u00e9e ou un \u00e9v\u00e9nement professionnel, nous proposons des prestations sp\u00e9cialement con\u00e7ues pour vous accompagner dans vos occasions importantes. Notre priorit\u00e9 : vous permettre de profiter pleinement de vos invit\u00e9s tout en nous confiant l\u2019organisation. [&hellip;]<\/p>\n","protected":false},"author":1,"featured_media":0,"parent":0,"menu_order":0,"comment_status":"closed","ping_status":"closed","template":"","meta":{"om_disable_all_campaigns":false,"footnotes":""},"class_list":["post-661","page","type-page","status-publish","hentry"],"_links":{"self":[{"href":"https:\/\/diantre-restaurant.com\/index.php\/wp-json\/wp\/v2\/pages\/661","targetHints":{"allow":["GET"]}}],"collection":[{"href":"https:\/\/diantre-restaurant.com\/index.php\/wp-json\/wp\/v2\/pages"}],"about":[{"href":"https:\/\/diantre-restaurant.com\/index.php\/wp-json\/wp\/v2\/types\/page"}],"author":[{"embeddable":true,"href":"https:\/\/diantre-restaurant.com\/index.php\/wp-json\/wp\/v2\/users\/1"}],"replies":[{"embeddable":true,"href":"https:\/\/diantre-restaurant.com\/index.php\/wp-json\/wp\/v2\/comments?post=661"}],"version-history":[{"count":4,"href":"https:\/\/diantre-restaurant.com\/index.php\/wp-json\/wp\/v2\/pages\/661\/revisions"}],"predecessor-version":[{"id":801,"href":"https:\/\/diantre-restaurant.com\/index.php\/wp-json\/wp\/v2\/pages\/661\/revisions\/801"}],"wp:attachment":[{"href":"https:\/\/diantre-restaurant.com\/index.php\/wp-json\/wp\/v2\/media?parent=661"}],"curies":[{"name":"wp","href":"https:\/\/api.w.org\/{rel}","templated":true}]}}